{"id":406,"date":"2025-07-31T18:32:21","date_gmt":"2025-07-31T18:32:21","guid":{"rendered":"https:\/\/www.nsnettoyage.com\/?page_id=406"},"modified":"2025-11-17T21:43:30","modified_gmt":"2025-11-17T21:43:30","slug":"nettoyage-textile","status":"publish","type":"page","link":"https:\/\/www.nsnettoyage.com\/index.php\/nettoyage-textile\/","title":{"rendered":"Nettoyage textile"},"content":{"rendered":"\t\t<div data-elementor-type=\"wp-page\" data-elementor-id=\"406\" class=\"elementor elementor-406\" data-elementor-post-type=\"page\">\n\t\t\t\t\t\t<header class=\"elementor-section elementor-top-section elementor-element elementor-element-d29fa68 elementor-section-height-min-height elementor-section-content-middle elementor-section-boxed elementor-section-height-default elementor-section-items-middle\" data-id=\"d29fa68\" data-element_type=\"section\" data-e-type=\"section\" data-settings=\"{&quot;background_background&quot;:&quot;classic&quot;}\">\n\t\t\t\t\t\t\t<div class=\"elementor-background-overlay\"><\/div>\n\t\t\t\t\t\t\t<div class=\"elementor-container elementor-column-gap-extended\">\n\t\t\t\t\t<div class=\"elementor-column elementor-col-100 elementor-top-column elementor-element elementor-element-bbe192d\" data-id=\"bbe192d\" data-element_type=\"column\" data-e-type=\"column\">\n\t\t\t<div class=\"elementor-widget-wrap elementor-element-populated\">\n\t\t\t\t\t\t<div class=\"elementor-element elementor-element-81c953d elementor-invisible elementor-widget elementor-widget-heading\" data-id=\"81c953d\" data-element_type=\"widget\" data-e-type=\"widget\" data-settings=\"{&quot;_animation&quot;:&quot;fadeInDown&quot;,&quot;_animation_delay&quot;:200}\" data-widget_type=\"heading.default\">\n\t\t\t\t\t<h1 class=\"elementor-heading-title elementor-size-default\">Nettoyage textile<\/h1>\t\t\t\t<\/div>\n\t\t\t\t<div class=\"elementor-element elementor-element-f649739 elementor-invisible elementor-widget elementor-widget-text-editor\" data-id=\"f649739\" data-element_type=\"widget\" data-e-type=\"widget\" data-settings=\"{&quot;_animation&quot;:&quot;fadeInUp&quot;,&quot;_animation_delay&quot;:400}\" data-widget_type=\"text-editor.default\">\n\t\t\t\t\t\t\t\t\t<p data-start=\"152\" data-end=\"505\">Un int\u00e9rieur plus propre, plus sain, sans que vous ayez \u00e0 bouger de chez vous.<\/p>\t\t\t\t\t\t\t\t<\/div>\n\t\t\t\t\t<\/div>\n\t\t<\/div>\n\t\t\t\t\t<\/div>\n\t\t<\/header>\n\t\t\t\t<section class=\"elementor-section elementor-top-section elementor-element elementor-element-c7e64ef elementor-section-boxed elementor-section-height-default elementor-section-height-default\" data-id=\"c7e64ef\" data-element_type=\"section\" data-e-type=\"section\" data-settings=\"{&quot;background_background&quot;:&quot;classic&quot;}\">\n\t\t\t\t\t\t<div class=\"elementor-container elementor-column-gap-extended\">\n\t\t\t\t\t<div class=\"elementor-column elementor-col-50 elementor-top-column elementor-element elementor-element-bd33d86\" data-id=\"bd33d86\" data-element_type=\"column\" data-e-type=\"column\">\n\t\t\t<div class=\"elementor-widget-wrap elementor-element-populated\">\n\t\t\t\t\t\t<div class=\"elementor-element elementor-element-fe82570 elementor-invisible elementor-widget elementor-widget-heading\" data-id=\"fe82570\" data-element_type=\"widget\" data-e-type=\"widget\" data-settings=\"{&quot;_animation&quot;:&quot;fadeInDown&quot;,&quot;_animation_delay&quot;:200}\" data-widget_type=\"heading.default\">\n\t\t\t\t\t<h1 class=\"elementor-heading-title elementor-size-default\">NETTOYAGE TEXTILE (\u00c0 DOMICILE)<\/h1>\t\t\t\t<\/div>\n\t\t\t\t<div class=\"elementor-element elementor-element-c0164f0 elementor-widget elementor-widget-text-editor\" data-id=\"c0164f0\" data-element_type=\"widget\" data-e-type=\"widget\" data-widget_type=\"text-editor.default\">\n\t\t\t\t\t\t\t\t\t<p>Chez <strong data-start=\"126\" data-end=\"142\">NS Nettoyage<\/strong>, nous redonnons une nouvelle vie \u00e0 vos textiles !<\/p>\nNous sommes sp\u00e9cialis\u00e9s dans le <strong data-start=\"227\" data-end=\"309\">nettoyage professionnel de matelas, canap\u00e9s, fauteuils et tissus d\u2019ameublement<\/strong>, directement \u00e0 domicile, sans que vous ayez besoin de vous d\u00e9placer.\n<p>Chaque intervention est pens\u00e9e sur-mesure, avec des \u00e9quipements haut de gamme et une attention port\u00e9e \u00e0 chaque d\u00e9tail.<\/p>\t\t\t\t\t\t\t\t<\/div>\n\t\t\t\t<div class=\"elementor-element elementor-element-5e6479f gallery-spacing-custom elementor-widget elementor-widget-image-gallery\" data-id=\"5e6479f\" data-element_type=\"widget\" data-e-type=\"widget\" data-widget_type=\"image-gallery.default\">\n\t\t\t\t\t\t\t<div class=\"elementor-image-gallery\">\n\t\t\t<div id='gallery-1' class='gallery galleryid-406 gallery-columns-2 gallery-size-full'><figure class='gallery-item'>\n\t\t\t<div class='gallery-icon landscape'>\n\t\t\t\t<a data-elementor-open-lightbox=\"yes\" data-elementor-lightbox-slideshow=\"5e6479f\" data-elementor-lightbox-title=\"homme-faisant-un-service-de-nettoyage-a-domicile-professionnel\" data-e-action-hash=\"#elementor-action%3Aaction%3Dlightbox%26settings%3DeyJpZCI6Mjk4LCJ1cmwiOiJodHRwczpcL1wvd3d3Lm5zbmV0dG95YWdlLmNvbVwvd3AtY29udGVudFwvdXBsb2Fkc1wvMjAyNVwvMDdcL2hvbW1lLWZhaXNhbnQtdW4tc2VydmljZS1kZS1uZXR0b3lhZ2UtYS1kb21pY2lsZS1wcm9mZXNzaW9ubmVsLXNjYWxlZC5qcGciLCJzbGlkZXNob3ciOiI1ZTY0NzlmIn0%3D\" href='https:\/\/www.nsnettoyage.com\/wp-content\/uploads\/2025\/07\/homme-faisant-un-service-de-nettoyage-a-domicile-professionnel-scaled.jpg'><img fetchpriority=\"high\" decoding=\"async\" width=\"2560\" height=\"1707\" src=\"https:\/\/www.nsnettoyage.com\/wp-content\/uploads\/2025\/07\/homme-faisant-un-service-de-nettoyage-a-domicile-professionnel-scaled.jpg\" class=\"attachment-full size-full\" alt=\"\" srcset=\"https:\/\/www.nsnettoyage.com\/wp-content\/uploads\/2025\/07\/homme-faisant-un-service-de-nettoyage-a-domicile-professionnel-scaled.jpg 2560w, https:\/\/www.nsnettoyage.com\/wp-content\/uploads\/2025\/07\/homme-faisant-un-service-de-nettoyage-a-domicile-professionnel-300x200.jpg 300w, https:\/\/www.nsnettoyage.com\/wp-content\/uploads\/2025\/07\/homme-faisant-un-service-de-nettoyage-a-domicile-professionnel-1024x683.jpg 1024w, https:\/\/www.nsnettoyage.com\/wp-content\/uploads\/2025\/07\/homme-faisant-un-service-de-nettoyage-a-domicile-professionnel-768x512.jpg 768w\" sizes=\"(max-width: 2560px) 100vw, 2560px\" \/><\/a>\n\t\t\t<\/div><\/figure><figure class='gallery-item'>\n\t\t\t<div class='gallery-icon landscape'>\n\t\t\t\t<a data-elementor-open-lightbox=\"yes\" data-elementor-lightbox-slideshow=\"5e6479f\" data-elementor-lightbox-title=\"le-nettoyage-a-l-extracteur-enleve-la-poussiere-du-canape-a-la-maison-nettoyage-a-sec-des-fibres-de-meubles-de-rembourrage-avec-un-extracteur (1)\" data-e-action-hash=\"#elementor-action%3Aaction%3Dlightbox%26settings%3DeyJpZCI6Mjk3LCJ1cmwiOiJodHRwczpcL1wvd3d3Lm5zbmV0dG95YWdlLmNvbVwvd3AtY29udGVudFwvdXBsb2Fkc1wvMjAyNVwvMDdcL2xlLW5ldHRveWFnZS1hLWwtZXh0cmFjdGV1ci1lbmxldmUtbGEtcG91c3NpZXJlLWR1LWNhbmFwZS1hLWxhLW1haXNvbi1uZXR0b3lhZ2UtYS1zZWMtZGVzLWZpYnJlcy1kZS1tZXVibGVzLWRlLXJlbWJvdXJyYWdlLWF2ZWMtdW4tZXh0cmFjdGV1ci0xLXNjYWxlZC5qcGciLCJzbGlkZXNob3ciOiI1ZTY0NzlmIn0%3D\" href='https:\/\/www.nsnettoyage.com\/wp-content\/uploads\/2025\/07\/le-nettoyage-a-l-extracteur-enleve-la-poussiere-du-canape-a-la-maison-nettoyage-a-sec-des-fibres-de-meubles-de-rembourrage-avec-un-extracteur-1-scaled.jpg'><img decoding=\"async\" width=\"2560\" height=\"1707\" src=\"https:\/\/www.nsnettoyage.com\/wp-content\/uploads\/2025\/07\/le-nettoyage-a-l-extracteur-enleve-la-poussiere-du-canape-a-la-maison-nettoyage-a-sec-des-fibres-de-meubles-de-rembourrage-avec-un-extracteur-1-scaled.jpg\" class=\"attachment-full size-full\" alt=\"\" srcset=\"https:\/\/www.nsnettoyage.com\/wp-content\/uploads\/2025\/07\/le-nettoyage-a-l-extracteur-enleve-la-poussiere-du-canape-a-la-maison-nettoyage-a-sec-des-fibres-de-meubles-de-rembourrage-avec-un-extracteur-1-scaled.jpg 2560w, https:\/\/www.nsnettoyage.com\/wp-content\/uploads\/2025\/07\/le-nettoyage-a-l-extracteur-enleve-la-poussiere-du-canape-a-la-maison-nettoyage-a-sec-des-fibres-de-meubles-de-rembourrage-avec-un-extracteur-1-300x200.jpg 300w\" sizes=\"(max-width: 2560px) 100vw, 2560px\" \/><\/a>\n\t\t\t<\/div><\/figure><figure class='gallery-item'>\n\t\t\t<div class='gallery-icon landscape'>\n\t\t\t\t<a data-elementor-open-lightbox=\"yes\" data-elementor-lightbox-slideshow=\"5e6479f\" data-elementor-lightbox-title=\"nettoyage-d-un-canape-sale-avec-un-lave-canape-gros-plan-des-mains-tenant-un-nettoyant-pour-canape-lavage-de-canape-professionnel-image-de-lavage-de-canape\" data-e-action-hash=\"#elementor-action%3Aaction%3Dlightbox%26settings%3DeyJpZCI6MzAyLCJ1cmwiOiJodHRwczpcL1wvd3d3Lm5zbmV0dG95YWdlLmNvbVwvd3AtY29udGVudFwvdXBsb2Fkc1wvMjAyNVwvMDdcL25ldHRveWFnZS1kLXVuLWNhbmFwZS1zYWxlLWF2ZWMtdW4tbGF2ZS1jYW5hcGUtZ3Jvcy1wbGFuLWRlcy1tYWlucy10ZW5hbnQtdW4tbmV0dG95YW50LXBvdXItY2FuYXBlLWxhdmFnZS1kZS1jYW5hcGUtcHJvZmVzc2lvbm5lbC1pbWFnZS1kZS1sYXZhZ2UtZGUtY2FuYXBlLTEtc2NhbGVkLmpwZyIsInNsaWRlc2hvdyI6IjVlNjQ3OWYifQ%3D%3D\" href='https:\/\/www.nsnettoyage.com\/wp-content\/uploads\/2025\/07\/nettoyage-d-un-canape-sale-avec-un-lave-canape-gros-plan-des-mains-tenant-un-nettoyant-pour-canape-lavage-de-canape-professionnel-image-de-lavage-de-canape-1-scaled.jpg'><img decoding=\"async\" width=\"2560\" height=\"1708\" src=\"https:\/\/www.nsnettoyage.com\/wp-content\/uploads\/2025\/07\/nettoyage-d-un-canape-sale-avec-un-lave-canape-gros-plan-des-mains-tenant-un-nettoyant-pour-canape-lavage-de-canape-professionnel-image-de-lavage-de-canape-1-scaled.jpg\" class=\"attachment-full size-full\" alt=\"\" srcset=\"https:\/\/www.nsnettoyage.com\/wp-content\/uploads\/2025\/07\/nettoyage-d-un-canape-sale-avec-un-lave-canape-gros-plan-des-mains-tenant-un-nettoyant-pour-canape-lavage-de-canape-professionnel-image-de-lavage-de-canape-1-scaled.jpg 2560w, https:\/\/www.nsnettoyage.com\/wp-content\/uploads\/2025\/07\/nettoyage-d-un-canape-sale-avec-un-lave-canape-gros-plan-des-mains-tenant-un-nettoyant-pour-canape-lavage-de-canape-professionnel-image-de-lavage-de-canape-1-300x200.jpg 300w, https:\/\/www.nsnettoyage.com\/wp-content\/uploads\/2025\/07\/nettoyage-d-un-canape-sale-avec-un-lave-canape-gros-plan-des-mains-tenant-un-nettoyant-pour-canape-lavage-de-canape-professionnel-image-de-lavage-de-canape-1-1024x683.jpg 1024w, https:\/\/www.nsnettoyage.com\/wp-content\/uploads\/2025\/07\/nettoyage-d-un-canape-sale-avec-un-lave-canape-gros-plan-des-mains-tenant-un-nettoyant-pour-canape-lavage-de-canape-professionnel-image-de-lavage-de-canape-1-768x513.jpg 768w\" sizes=\"(max-width: 2560px) 100vw, 2560px\" \/><\/a>\n\t\t\t<\/div><\/figure><figure class='gallery-item'>\n\t\t\t<div class='gallery-icon landscape'>\n\t\t\t\t<a data-elementor-open-lightbox=\"yes\" data-elementor-lightbox-slideshow=\"5e6479f\" data-elementor-lightbox-title=\"Capture d\u2019e\u0301cran 2025-07-31 a\u0300 20.31.08\" data-e-action-hash=\"#elementor-action%3Aaction%3Dlightbox%26settings%3DeyJpZCI6NDYxLCJ1cmwiOiJodHRwczpcL1wvd3d3Lm5zbmV0dG95YWdlLmNvbVwvd3AtY29udGVudFwvdXBsb2Fkc1wvMjAyNVwvMDdcL0NhcHR1cmUtZGVjcmFuLTIwMjUtMDctMzEtYS0yMC4zMS4wOC5wbmciLCJzbGlkZXNob3ciOiI1ZTY0NzlmIn0%3D\" href='https:\/\/www.nsnettoyage.com\/wp-content\/uploads\/2025\/07\/Capture-decran-2025-07-31-a-20.31.08.png'><img loading=\"lazy\" decoding=\"async\" width=\"2042\" height=\"1366\" src=\"https:\/\/www.nsnettoyage.com\/wp-content\/uploads\/2025\/07\/Capture-decran-2025-07-31-a-20.31.08.png\" class=\"attachment-full size-full\" alt=\"\" srcset=\"https:\/\/www.nsnettoyage.com\/wp-content\/uploads\/2025\/07\/Capture-decran-2025-07-31-a-20.31.08.png 2042w, https:\/\/www.nsnettoyage.com\/wp-content\/uploads\/2025\/07\/Capture-decran-2025-07-31-a-20.31.08-300x201.png 300w, https:\/\/www.nsnettoyage.com\/wp-content\/uploads\/2025\/07\/Capture-decran-2025-07-31-a-20.31.08-1024x685.png 1024w, https:\/\/www.nsnettoyage.com\/wp-content\/uploads\/2025\/07\/Capture-decran-2025-07-31-a-20.31.08-768x514.png 768w, https:\/\/www.nsnettoyage.com\/wp-content\/uploads\/2025\/07\/Capture-decran-2025-07-31-a-20.31.08-1536x1028.png 1536w\" sizes=\"(max-width: 2042px) 100vw, 2042px\" \/><\/a>\n\t\t\t<\/div><\/figure>\n\t\t<\/div>\n\t\t<\/div>\n\t\t\t\t\t\t<\/div>\n\t\t\t\t\t<\/div>\n\t\t<\/div>\n\t\t\t\t<div class=\"elementor-column elementor-col-50 elementor-top-column elementor-element elementor-element-cfbc8a7\" data-id=\"cfbc8a7\" data-element_type=\"column\" data-e-type=\"column\" data-settings=\"{&quot;background_background&quot;:&quot;classic&quot;}\">\n\t\t\t<div class=\"elementor-widget-wrap elementor-element-populated\">\n\t\t\t\t\t<div class=\"elementor-background-overlay\"><\/div>\n\t\t\t\t\t\t<div class=\"elementor-element elementor-element-eee23cf elementor-invisible elementor-widget elementor-widget-heading\" data-id=\"eee23cf\" data-element_type=\"widget\" data-e-type=\"widget\" data-settings=\"{&quot;_animation&quot;:&quot;fadeInDown&quot;}\" data-widget_type=\"heading.default\">\n\t\t\t\t\t<h2 class=\"elementor-heading-title elementor-size-default\">Prestations disponibles<\/h2>\t\t\t\t<\/div>\n\t\t\t\t<div class=\"elementor-element elementor-element-bb1ea73 elementor-icon-list--layout-traditional elementor-list-item-link-full_width elementor-widget elementor-widget-icon-list\" data-id=\"bb1ea73\" data-element_type=\"widget\" data-e-type=\"widget\" data-widget_type=\"icon-list.default\">\n\t\t\t\t\t\t\t<ul class=\"elementor-icon-list-items\">\n\t\t\t\t\t\t\t<li class=\"elementor-icon-list-item\">\n\t\t\t\t\t\t\t\t\t\t\t<span class=\"elementor-icon-list-icon\">\n\t\t\t\t\t\t\t<svg aria-hidden=\"true\" class=\"e-font-icon-svg e-far-check-circle\" viewBox=\"0 0 512 512\" xmlns=\"http:\/\/www.w3.org\/2000\/svg\"><path d=\"M256 8C119.033 8 8 119.033 8 256s111.033 248 248 248 248-111.033 248-248S392.967 8 256 8zm0 48c110.532 0 200 89.451 200 200 0 110.532-89.451 200-200 200-110.532 0-200-89.451-200-200 0-110.532 89.451-200 200-200m140.204 130.267l-22.536-22.718c-4.667-4.705-12.265-4.736-16.97-.068L215.346 303.697l-59.792-60.277c-4.667-4.705-12.265-4.736-16.97-.069l-22.719 22.536c-4.705 4.667-4.736 12.265-.068 16.971l90.781 91.516c4.667 4.705 12.265 4.736 16.97.068l172.589-171.204c4.704-4.668 4.734-12.266.067-16.971z\"><\/path><\/svg>\t\t\t\t\t\t<\/span>\n\t\t\t\t\t\t\t\t\t\t<span class=\"elementor-icon-list-text\">Matelas toutes tailles<\/span>\n\t\t\t\t\t\t\t\t\t<\/li>\n\t\t\t\t\t\t\t\t<li class=\"elementor-icon-list-item\">\n\t\t\t\t\t\t\t\t\t\t\t<span class=\"elementor-icon-list-icon\">\n\t\t\t\t\t\t\t<svg aria-hidden=\"true\" class=\"e-font-icon-svg e-far-check-circle\" viewBox=\"0 0 512 512\" xmlns=\"http:\/\/www.w3.org\/2000\/svg\"><path d=\"M256 8C119.033 8 8 119.033 8 256s111.033 248 248 248 248-111.033 248-248S392.967 8 256 8zm0 48c110.532 0 200 89.451 200 200 0 110.532-89.451 200-200 200-110.532 0-200-89.451-200-200 0-110.532 89.451-200 200-200m140.204 130.267l-22.536-22.718c-4.667-4.705-12.265-4.736-16.97-.068L215.346 303.697l-59.792-60.277c-4.667-4.705-12.265-4.736-16.97-.069l-22.719 22.536c-4.705 4.667-4.736 12.265-.068 16.971l90.781 91.516c4.667 4.705 12.265 4.736 16.97.068l172.589-171.204c4.704-4.668 4.734-12.266.067-16.971z\"><\/path><\/svg>\t\t\t\t\t\t<\/span>\n\t\t\t\t\t\t\t\t\t\t<span class=\"elementor-icon-list-text\">Canap\u00e9s (tissu, simili, velours)<\/span>\n\t\t\t\t\t\t\t\t\t<\/li>\n\t\t\t\t\t\t\t\t<li class=\"elementor-icon-list-item\">\n\t\t\t\t\t\t\t\t\t\t\t<span class=\"elementor-icon-list-icon\">\n\t\t\t\t\t\t\t<svg aria-hidden=\"true\" class=\"e-font-icon-svg e-far-check-circle\" viewBox=\"0 0 512 512\" xmlns=\"http:\/\/www.w3.org\/2000\/svg\"><path d=\"M256 8C119.033 8 8 119.033 8 256s111.033 248 248 248 248-111.033 248-248S392.967 8 256 8zm0 48c110.532 0 200 89.451 200 200 0 110.532-89.451 200-200 200-110.532 0-200-89.451-200-200 0-110.532 89.451-200 200-200m140.204 130.267l-22.536-22.718c-4.667-4.705-12.265-4.736-16.97-.068L215.346 303.697l-59.792-60.277c-4.667-4.705-12.265-4.736-16.97-.069l-22.719 22.536c-4.705 4.667-4.736 12.265-.068 16.971l90.781 91.516c4.667 4.705 12.265 4.736 16.97.068l172.589-171.204c4.704-4.668 4.734-12.266.067-16.971z\"><\/path><\/svg>\t\t\t\t\t\t<\/span>\n\t\t\t\t\t\t\t\t\t\t<span class=\"elementor-icon-list-text\">Fauteuils, chaises<\/span>\n\t\t\t\t\t\t\t\t\t<\/li>\n\t\t\t\t\t\t\t\t<li class=\"elementor-icon-list-item\">\n\t\t\t\t\t\t\t\t\t\t\t<span class=\"elementor-icon-list-icon\">\n\t\t\t\t\t\t\t<svg aria-hidden=\"true\" class=\"e-font-icon-svg e-far-check-circle\" viewBox=\"0 0 512 512\" xmlns=\"http:\/\/www.w3.org\/2000\/svg\"><path d=\"M256 8C119.033 8 8 119.033 8 256s111.033 248 248 248 248-111.033 248-248S392.967 8 256 8zm0 48c110.532 0 200 89.451 200 200 0 110.532-89.451 200-200 200-110.532 0-200-89.451-200-200 0-110.532 89.451-200 200-200m140.204 130.267l-22.536-22.718c-4.667-4.705-12.265-4.736-16.97-.068L215.346 303.697l-59.792-60.277c-4.667-4.705-12.265-4.736-16.97-.069l-22.719 22.536c-4.705 4.667-4.736 12.265-.068 16.971l90.781 91.516c4.667 4.705 12.265 4.736 16.97.068l172.589-171.204c4.704-4.668 4.734-12.266.067-16.971z\"><\/path><\/svg>\t\t\t\t\t\t<\/span>\n\t\t\t\t\t\t\t\t\t\t<span class=\"elementor-icon-list-text\">Tapis et moquettes<\/span>\n\t\t\t\t\t\t\t\t\t<\/li>\n\t\t\t\t\t\t<\/ul>\n\t\t\t\t\t\t<\/div>\n\t\t\t\t<div class=\"elementor-element elementor-element-a2b925e elementor-align-center elementor-invisible elementor-widget elementor-widget-button\" data-id=\"a2b925e\" data-element_type=\"widget\" data-e-type=\"widget\" data-settings=\"{&quot;_animation&quot;:&quot;fadeInUp&quot;,&quot;_animation_delay&quot;:600}\" data-widget_type=\"button.default\">\n\t\t\t\t\t\t\t\t\t\t<a class=\"elementor-button elementor-button-link elementor-size-sm elementor-animation-sink\" href=\"https:\/\/www.nsnettoyage.com\/index.php\/prise-de-rdv\/\">\n\t\t\t\t\t\t<span class=\"elementor-button-content-wrapper\">\n\t\t\t\t\t\t<span class=\"elementor-button-icon\">\n\t\t\t\t<svg aria-hidden=\"true\" class=\"e-font-icon-svg e-fas-arrow-circle-right\" viewBox=\"0 0 512 512\" xmlns=\"http:\/\/www.w3.org\/2000\/svg\"><path d=\"M256 8c137 0 248 111 248 248S393 504 256 504 8 393 8 256 119 8 256 8zm-28.9 143.6l75.5 72.4H120c-13.3 0-24 10.7-24 24v16c0 13.3 10.7 24 24 24h182.6l-75.5 72.4c-9.7 9.3-9.9 24.8-.4 34.3l11 10.9c9.4 9.4 24.6 9.4 33.9 0L404.3 273c9.4-9.4 9.4-24.6 0-33.9L271.6 106.3c-9.4-9.4-24.6-9.4-33.9 0l-11 10.9c-9.5 9.6-9.3 25.1.4 34.4z\"><\/path><\/svg>\t\t\t<\/span>\n\t\t\t\t\t\t\t\t\t<span class=\"elementor-button-text\">Prendre RDV<\/span>\n\t\t\t\t\t<\/span>\n\t\t\t\t\t<\/a>\n\t\t\t\t\t\t\t\t<\/div>\n\t\t\t\t\t<\/div>\n\t\t<\/div>\n\t\t\t\t\t<\/div>\n\t\t<\/section>\n\t\t\t\t<\/div>\n\t\t","protected":false},"excerpt":{"rendered":"<p>Nettoyage textile Un int\u00e9rieur plus propre, plus sain, sans que vous ayez \u00e0 bouger de chez vous. NETTOYAGE TEXTILE (\u00c0 DOMICILE) Chez NS Nettoyage, nous redonnons une nouvelle vie \u00e0 vos textiles ! Nous sommes sp\u00e9cialis\u00e9s dans le nettoyage professionnel de matelas, canap\u00e9s, fauteuils et tissus d\u2019ameublement, directement \u00e0 domicile, sans que vous ayez besoin&#8230;<\/p>\n","protected":false},"author":1,"featured_media":0,"parent":0,"menu_order":0,"comment_status":"closed","ping_status":"closed","template":"","meta":{"_kad_post_transparent":"","_kad_post_title":"hide","_kad_post_layout":"fullwidth","_kad_post_sidebar_id":"","_kad_post_content_style":"unboxed","_kad_post_vertical_padding":"hide","_kad_post_feature":"hide","_kad_post_feature_position":"","_kad_post_header":false,"_kad_post_footer":false,"footnotes":""},"class_list":["post-406","page","type-page","status-publish","hentry"],"_links":{"self":[{"href":"https:\/\/www.nsnettoyage.com\/index.php\/wp-json\/wp\/v2\/pages\/406","targetHints":{"allow":["GET"]}}],"collection":[{"href":"https:\/\/www.nsnettoyage.com\/index.php\/wp-json\/wp\/v2\/pages"}],"about":[{"href":"https:\/\/www.nsnettoyage.com\/index.php\/wp-json\/wp\/v2\/types\/page"}],"author":[{"embeddable":true,"href":"https:\/\/www.nsnettoyage.com\/index.php\/wp-json\/wp\/v2\/users\/1"}],"replies":[{"embeddable":true,"href":"https:\/\/www.nsnettoyage.com\/index.php\/wp-json\/wp\/v2\/comments?post=406"}],"version-history":[{"count":22,"href":"https:\/\/www.nsnettoyage.com\/index.php\/wp-json\/wp\/v2\/pages\/406\/revisions"}],"predecessor-version":[{"id":1053,"href":"https:\/\/www.nsnettoyage.com\/index.php\/wp-json\/wp\/v2\/pages\/406\/revisions\/1053"}],"wp:attachment":[{"href":"https:\/\/www.nsnettoyage.com\/index.php\/wp-json\/wp\/v2\/media?parent=406"}],"curies":[{"name":"wp","href":"https:\/\/api.w.org\/{rel}","templated":true}]}}