{"id":728,"date":"2025-09-10T17:59:19","date_gmt":"2025-09-10T17:59:19","guid":{"rendered":"https:\/\/www.nsnettoyage.com\/?page_id=728"},"modified":"2026-02-12T07:53:37","modified_gmt":"2026-02-12T07:53:37","slug":"mentions-legales","status":"publish","type":"page","link":"https:\/\/www.nsnettoyage.com\/index.php\/mentions-legales\/","title":{"rendered":"Mentions L\u00e9gales"},"content":{"rendered":"\t\t<div data-elementor-type=\"wp-page\" data-elementor-id=\"728\" class=\"elementor elementor-728\" data-elementor-post-type=\"page\">\n\t\t\t\t\t\t<header class=\"elementor-section elementor-top-section elementor-element elementor-element-03b3ec3 elementor-section-height-min-height elementor-section-content-middle elementor-section-boxed elementor-section-height-default elementor-section-items-middle\" data-id=\"03b3ec3\" data-element_type=\"section\" data-e-type=\"section\" data-settings=\"{&quot;background_background&quot;:&quot;classic&quot;}\">\n\t\t\t\t\t\t\t<div class=\"elementor-background-overlay\"><\/div>\n\t\t\t\t\t\t\t<div class=\"elementor-container elementor-column-gap-extended\">\n\t\t\t\t\t<div class=\"elementor-column elementor-col-100 elementor-top-column elementor-element elementor-element-79208dd\" data-id=\"79208dd\" data-element_type=\"column\" data-e-type=\"column\">\n\t\t\t<div class=\"elementor-widget-wrap elementor-element-populated\">\n\t\t\t\t\t\t<div class=\"elementor-element elementor-element-0ceb26e elementor-invisible elementor-widget elementor-widget-heading\" data-id=\"0ceb26e\" data-element_type=\"widget\" data-e-type=\"widget\" data-settings=\"{&quot;_animation&quot;:&quot;fadeInDown&quot;,&quot;_animation_delay&quot;:200}\" data-widget_type=\"heading.default\">\n\t\t\t\t\t<h1 class=\"elementor-heading-title elementor-size-default\">Mentions l\u00e9gales<\/h1>\t\t\t\t<\/div>\n\t\t\t\t<div class=\"elementor-element elementor-element-ff9df51 elementor-invisible elementor-widget elementor-widget-text-editor\" data-id=\"ff9df51\" data-element_type=\"widget\" data-e-type=\"widget\" data-settings=\"{&quot;_animation&quot;:&quot;fadeInUp&quot;,&quot;_animation_delay&quot;:400}\" data-widget_type=\"text-editor.default\">\n\t\t\t\t\t\t\t\t\t<p>Nom de la soci\u00e9t\u00e9 : NS NETTOYAGE<br>Cat\u00e9gorie juridique : Entreprise individuelle Num\u00e9ro de Siret : 984 441 063 00026<br>APE : 45.20A<br>Nom du responsable : KEVIN CAMILLE RODRIGUEZ&nbsp;<\/p>\n<p>Adresse de la soci\u00e9t\u00e9 :&nbsp;83 ter, Rue du G\u00e9n\u00e9ral Leclerc, 25230 Seloncourt, France<br>Adresse du si\u00e8ge social de la soci\u00e9t\u00e9 : 5 rue Fontenette 25490 Allenjoie&nbsp;<\/p>\n<p>EDITEUR DE LA PUBLICATION : KEVIN CAMILLE RODRIGUEZ&nbsp;&nbsp;<br>DIRECTEUR DE LA PUBLICATION : KEVIN CAMILLE RODRIGUEZ&nbsp;<br>RESPONSABLE DE LA REDACTION : KEVIN CAMILLE RODRIGUEZ&nbsp;<br>HEBERGEUR : OVH&nbsp;<br>SITE WEB : UEBU<\/p>\t\t\t\t\t\t\t\t<\/div>\n\t\t\t\t<div class=\"elementor-element elementor-element-afa1a98 elementor-invisible elementor-widget elementor-widget-heading\" data-id=\"afa1a98\" data-element_type=\"widget\" data-e-type=\"widget\" data-settings=\"{&quot;_animation&quot;:&quot;fadeInDown&quot;,&quot;_animation_delay&quot;:200}\" data-widget_type=\"heading.default\">\n\t\t\t\t\t<h1 class=\"elementor-heading-title elementor-size-default\">POLITIQUE DE CONFIDENTIALIT\u00c9<\/h1>\t\t\t\t<\/div>\n\t\t\t\t<div class=\"elementor-element elementor-element-295234c elementor-invisible elementor-widget elementor-widget-text-editor\" data-id=\"295234c\" data-element_type=\"widget\" data-e-type=\"widget\" data-settings=\"{&quot;_animation&quot;:&quot;fadeInUp&quot;,&quot;_animation_delay&quot;:400}\" data-widget_type=\"text-editor.default\">\n\t\t\t\t\t\t\t\t\t<p data-start=\"315\" data-end=\"349\">\u00a0<\/p><p data-start=\"350\" data-end=\"542\">La pr\u00e9sente politique de confidentialit\u00e9 s\u2019applique au site internet de <strong data-start=\"422\" data-end=\"438\">NS NETTOYAGE<\/strong>, entreprise individuelle enregistr\u00e9e sous le num\u00e9ro <strong data-start=\"491\" data-end=\"518\">SIRET 984 441 063 00026<\/strong>, code APE <strong data-start=\"529\" data-end=\"539\">45.20A<\/strong>.<\/p><ul data-start=\"544\" data-end=\"959\"><li data-start=\"544\" data-end=\"603\"><p data-start=\"546\" data-end=\"603\"><strong data-start=\"546\" data-end=\"575\">Responsable du traitement<\/strong> : KEVIN CAMILLE RODRIGUEZ<\/p><\/li><li data-start=\"604\" data-end=\"670\"><p data-start=\"606\" data-end=\"670\"><strong data-start=\"606\" data-end=\"631\">Adresse de la soci\u00e9t\u00e9<\/strong> : 15 rue Fontenette, 25490 Allenjoie<\/p><\/li><li data-start=\"671\" data-end=\"727\"><p data-start=\"673\" data-end=\"727\"><strong data-start=\"673\" data-end=\"689\">Si\u00e8ge social<\/strong> : 5 rue Fontenette, 25490 Allenjoie<\/p><\/li><li data-start=\"728\" data-end=\"787\"><p data-start=\"730\" data-end=\"787\"><strong data-start=\"730\" data-end=\"759\">\u00c9diteur de la publication<\/strong> : KEVIN CAMILLE RODRIGUEZ<\/p><\/li><li data-start=\"788\" data-end=\"849\"><p data-start=\"790\" data-end=\"849\"><strong data-start=\"790\" data-end=\"821\">Directeur de la publication<\/strong> : KEVIN CAMILLE RODRIGUEZ<\/p><\/li><li data-start=\"850\" data-end=\"911\"><p data-start=\"852\" data-end=\"911\"><strong data-start=\"852\" data-end=\"883\">Responsable de la r\u00e9daction<\/strong> : KEVIN CAMILLE RODRIGUEZ<\/p><\/li><li data-start=\"912\" data-end=\"935\"><p data-start=\"914\" data-end=\"935\"><strong data-start=\"914\" data-end=\"927\">H\u00e9bergeur<\/strong> : OVH<\/p><\/li><li data-start=\"936\" data-end=\"959\"><p data-start=\"938\" data-end=\"959\"><strong data-start=\"938\" data-end=\"950\">Site web<\/strong> : UEBU<\/p><\/li><\/ul><hr data-start=\"961\" data-end=\"964\" \/><h2 data-start=\"966\" data-end=\"990\">2. Donn\u00e9es collect\u00e9es<\/h2><p data-start=\"991\" data-end=\"1088\">Dans le cadre de son activit\u00e9, NS NETTOYAGE peut \u00eatre amen\u00e9 \u00e0 collecter les donn\u00e9es suivantes :<\/p><ul data-start=\"1089\" data-end=\"1214\"><li data-start=\"1089\" data-end=\"1106\"><p data-start=\"1091\" data-end=\"1106\">Nom et pr\u00e9nom<\/p><\/li><li data-start=\"1107\" data-end=\"1150\"><p data-start=\"1109\" data-end=\"1150\">Coordonn\u00e9es (email, t\u00e9l\u00e9phone, adresse)<\/p><\/li><li data-start=\"1151\" data-end=\"1214\"><p data-start=\"1153\" data-end=\"1214\">Informations li\u00e9es \u00e0 une demande de devis ou de rendez-vous<\/p><\/li><\/ul><p data-start=\"1216\" data-end=\"1330\">Ces donn\u00e9es sont collect\u00e9es uniquement via le formulaire de contact ou lors d\u2019un \u00e9change volontaire de votre part.<\/p><hr data-start=\"1332\" data-end=\"1335\" \/><h2 data-start=\"1337\" data-end=\"1365\">3. Finalit\u00e9 du traitement<\/h2><p data-start=\"1366\" data-end=\"1423\">Les donn\u00e9es collect\u00e9es sont utilis\u00e9es uniquement pour :<\/p><ul data-start=\"1424\" data-end=\"1584\"><li data-start=\"1424\" data-end=\"1471\"><p data-start=\"1426\" data-end=\"1471\">R\u00e9pondre \u00e0 vos demandes de contact ou devis<\/p><\/li><li data-start=\"1472\" data-end=\"1520\"><p data-start=\"1474\" data-end=\"1520\">Planifier une intervention ou un rendez-vous<\/p><\/li><li data-start=\"1521\" data-end=\"1584\"><p data-start=\"1523\" data-end=\"1584\">Am\u00e9liorer la qualit\u00e9 de nos services et notre communication<\/p><\/li><\/ul><p data-start=\"1586\" data-end=\"1658\">NS NETTOYAGE ne vend, ne loue et ne c\u00e8de jamais vos donn\u00e9es \u00e0 des tiers.<\/p><hr data-start=\"1660\" data-end=\"1663\" \/><h2 data-start=\"1665\" data-end=\"1682\">4. Base l\u00e9gale<\/h2><p data-start=\"1683\" data-end=\"1726\">Le traitement de vos donn\u00e9es repose sur :<\/p><ul data-start=\"1727\" data-end=\"1884\"><li data-start=\"1727\" data-end=\"1787\"><p data-start=\"1729\" data-end=\"1787\">Votre consentement lorsque vous remplissez un formulaire<\/p><\/li><li data-start=\"1788\" data-end=\"1884\"><p data-start=\"1790\" data-end=\"1884\">L\u2019ex\u00e9cution d\u2019un contrat ou d\u2019une prestation de service lorsque vous r\u00e9servez un rendez-vous<\/p><\/li><\/ul><hr data-start=\"1886\" data-end=\"1889\" \/><h2 data-start=\"1891\" data-end=\"1921\">5. Conservation des donn\u00e9es<\/h2><p data-start=\"1922\" data-end=\"2070\">Les donn\u00e9es personnelles collect\u00e9es sont conserv\u00e9es pour une dur\u00e9e maximale de <strong data-start=\"2001\" data-end=\"2010\">3 ans<\/strong> apr\u00e8s le dernier contact, sauf obligation l\u00e9gale contraire.<\/p><hr data-start=\"2072\" data-end=\"2075\" \/><h2 data-start=\"2077\" data-end=\"2093\">6. Vos droits<\/h2><p data-start=\"2094\" data-end=\"2207\">Conform\u00e9ment au <strong data-start=\"2110\" data-end=\"2168\">R\u00e8glement G\u00e9n\u00e9ral sur la Protection des Donn\u00e9es (RGPD)<\/strong>, vous disposez des droits suivants :<\/p><ul data-start=\"2208\" data-end=\"2383\"><li data-start=\"2208\" data-end=\"2246\"><p data-start=\"2210\" data-end=\"2246\">Acc\u00e9der \u00e0 vos donn\u00e9es personnelles<\/p><\/li><li data-start=\"2247\" data-end=\"2294\"><p data-start=\"2249\" data-end=\"2294\">Rectifier ou mettre \u00e0 jour vos informations<\/p><\/li><li data-start=\"2295\" data-end=\"2337\"><p data-start=\"2297\" data-end=\"2337\">Demander la suppression de vos donn\u00e9es<\/p><\/li><li data-start=\"2338\" data-end=\"2383\"><p data-start=\"2340\" data-end=\"2383\">Limiter ou vous opposer \u00e0 leur traitement<\/p><\/li><\/ul><p data-start=\"2385\" data-end=\"2540\">Pour exercer vos droits, vous pouvez contacter :<br data-start=\"2433\" data-end=\"2436\" \/>\ud83d\udce7 Email : [ajouter adresse mail de contact]<br data-start=\"2480\" data-end=\"2483\" \/>\ud83d\udcee Adresse postale : 15 rue Fontenette, 25490 Allenjoie<\/p><hr data-start=\"2542\" data-end=\"2545\" \/><h2 data-start=\"2547\" data-end=\"2561\">7. S\u00e9curit\u00e9<\/h2><p data-start=\"2562\" data-end=\"2737\">NS NETTOYAGE met en place les mesures techniques et organisationnelles n\u00e9cessaires pour prot\u00e9ger vos donn\u00e9es personnelles contre tout acc\u00e8s non autoris\u00e9, perte ou divulgation.<\/p><hr data-start=\"2739\" data-end=\"2742\" \/><h2 data-start=\"2744\" data-end=\"2757\">8. Cookies<\/h2><p data-start=\"2758\" data-end=\"2960\">Le site peut utiliser des cookies de navigation pour am\u00e9liorer l\u2019exp\u00e9rience utilisateur et mesurer l\u2019audience. Vous pouvez d\u00e9sactiver ces cookies \u00e0 tout moment depuis les param\u00e8tres de votre navigateur.<\/p><hr data-start=\"2962\" data-end=\"2965\" \/><h2 data-start=\"2967\" data-end=\"3001\">9. Modification de la politique<\/h2><p data-start=\"3002\" data-end=\"3176\">NS NETTOYAGE se r\u00e9serve le droit de modifier la pr\u00e9sente politique de confidentialit\u00e9 \u00e0 tout moment. La version la plus r\u00e9cente sera toujours accessible sur le site internet.<\/p>\t\t\t\t\t\t\t\t<\/div>\n\t\t\t\t\t<\/div>\n\t\t<\/div>\n\t\t\t\t\t<\/div>\n\t\t<\/header>\n\t\t\t\t<\/div>\n\t\t","protected":false},"excerpt":{"rendered":"<p>Mentions l\u00e9gales Nom de la soci\u00e9t\u00e9 : NS NETTOYAGECat\u00e9gorie juridique : Entreprise individuelle Num\u00e9ro de Siret : 984 441 063 00026APE : 45.20ANom du responsable : KEVIN CAMILLE RODRIGUEZ&nbsp; Adresse de la soci\u00e9t\u00e9 :&nbsp;83 ter, Rue du G\u00e9n\u00e9ral Leclerc, 25230 Seloncourt, FranceAdresse du si\u00e8ge social de la soci\u00e9t\u00e9 : 5 rue Fontenette 25490 Allenjoie&nbsp; EDITEUR&#8230;<\/p>\n","protected":false},"author":1,"featured_media":0,"parent":0,"menu_order":0,"comment_status":"closed","ping_status":"closed","template":"","meta":{"_kad_post_transparent":"","_kad_post_title":"hide","_kad_post_layout":"fullwidth","_kad_post_sidebar_id":"","_kad_post_content_style":"unboxed","_kad_post_vertical_padding":"hide","_kad_post_feature":"hide","_kad_post_feature_position":"","_kad_post_header":false,"_kad_post_footer":false,"footnotes":""},"class_list":["post-728","page","type-page","status-publish","hentry"],"_links":{"self":[{"href":"https:\/\/www.nsnettoyage.com\/index.php\/wp-json\/wp\/v2\/pages\/728","targetHints":{"allow":["GET"]}}],"collection":[{"href":"https:\/\/www.nsnettoyage.com\/index.php\/wp-json\/wp\/v2\/pages"}],"about":[{"href":"https:\/\/www.nsnettoyage.com\/index.php\/wp-json\/wp\/v2\/types\/page"}],"author":[{"embeddable":true,"href":"https:\/\/www.nsnettoyage.com\/index.php\/wp-json\/wp\/v2\/users\/1"}],"replies":[{"embeddable":true,"href":"https:\/\/www.nsnettoyage.com\/index.php\/wp-json\/wp\/v2\/comments?post=728"}],"version-history":[{"count":10,"href":"https:\/\/www.nsnettoyage.com\/index.php\/wp-json\/wp\/v2\/pages\/728\/revisions"}],"predecessor-version":[{"id":743,"href":"https:\/\/www.nsnettoyage.com\/index.php\/wp-json\/wp\/v2\/pages\/728\/revisions\/743"}],"wp:attachment":[{"href":"https:\/\/www.nsnettoyage.com\/index.php\/wp-json\/wp\/v2\/media?parent=728"}],"curies":[{"name":"wp","href":"https:\/\/api.w.org\/{rel}","templated":true}]}}